{"id":1486,"date":"2026-01-19T11:08:58","date_gmt":"2026-01-19T11:08:58","guid":{"rendered":"https:\/\/www.zeleznydedek.cz\/?page_id=1486"},"modified":"2026-01-26T07:54:28","modified_gmt":"2026-01-26T07:54:28","slug":"kontakty-3","status":"publish","type":"page","link":"https:\/\/www.zeleznydedek.cz\/?page_id=1486","title":{"rendered":"Kontakty"},"content":{"rendered":"<p>[et_pb_section fb_built=&#8220;1&#8243; _builder_version=&#8220;4.27.5&#8243; _module_preset=&#8220;default&#8220; custom_padding=&#8220;32px|||||&#8220; global_colors_info=&#8220;{}&#8220;][et_pb_row _builder_version=&#8220;4.27.5&#8243; _module_preset=&#8220;default&#8220; global_colors_info=&#8220;{}&#8220;][et_pb_column type=&#8220;4_4&#8243; _builder_version=&#8220;4.27.5&#8243; _module_preset=&#8220;default&#8220; global_colors_info=&#8220;{}&#8220;][et_pb_image src=&#8220;https:\/\/www.zeleznydedek.cz\/wp-content\/uploads\/2026\/01\/kontakty.jpg&#8220; title_text=&#8220;Kontakty&#8220; _builder_version=&#8220;4.27.5&#8243; _module_preset=&#8220;default&#8220; global_colors_info=&#8220;{}&#8220;][\/et_pb_image][et_pb_text _builder_version=&#8220;4.27.5&#8243; _module_preset=&#8220;default&#8220; global_colors_info=&#8220;{}&#8220;]<\/p>\n<p style=\"font-weight: 400; text-align: center;\"><span style=\"font-size: large;\"><strong><u>Z\u00e1vod organizuje a medaile vyr\u00e1b\u00ed:<\/u><\/strong><\/span><\/p>\n<p style=\"font-weight: 400; text-align: center;\"><span style=\"font-size: large;\"><strong><u><\/u><\/strong><\/span><\/p>\n<p style=\"font-weight: 400; text-align: center;\"><span style=\"font-size: large;\">Ji\u0159\u00ed Borovi\u010dka st. \u00a0<\/span><a href=\"mailto:jborovicka@seznam.cz\" style=\"font-size: large;\">jborovicka@seznam.cz<\/a><span style=\"font-size: large;\">\u00a0 \u00a0<\/span><\/p>\n<p style=\"font-weight: 400; text-align: center;\"><span style=\"font-size: large;\">Ji\u0159\u00ed Borovi\u010dka ml.<\/span><\/p>\n<p style=\"font-weight: 400; text-align: center;\"><span style=\"font-size: large;\"><\/span><\/p>\n<p style=\"font-weight: 400; text-align: center;\"><span style=\"font-size: large;\"><strong>Va\u0161e \u010dasy v\u00e1m sleduje<\/strong>:<\/span><\/p>\n<p style=\"font-weight: 400; text-align: center;\"><span style=\"font-size: large;\">Jindra Pato\u010dk a Tereza Sub\u010d\u00edkov\u00e1<\/span><\/p>\n<p style=\"font-weight: 400; text-align: center;\"><span style=\"font-size: large;\"><\/span><\/p>\n<p style=\"font-weight: 400; text-align: center;\"><span style=\"font-size: large;\"><strong>A pom\u00e1h\u00e1 spousta kamar\u00e1d\u016f!!!<\/strong><\/span><\/p>\n<p style=\"font-weight: 400; text-align: center;\"><span style=\"font-size: large;\"><a href=\"https:\/\/www.facebook.com\/samopsezeleznydedek\">https:\/\/www.facebook.com\/samopsezeleznydedek<\/a><\/span><\/p>\n<p style=\"font-weight: 400; text-align: center;\"><span style=\"font-size: large;\"><\/span><\/p>\n<p style=\"font-weight: 400; text-align: center;\"><span style=\"font-size: large;\"><a href=\"https:\/\/www.instagram.com\/samopessky_zelezny_dedek1991\/\" contenteditable=\"false\" title=\"https:\/\/www.instagram.com\/samopessky_zelezny_dedek1991\/\">https:\/\/www.instagram.com\/samopessky_zelezny_dedek1991\/<\/a><\/span><\/p>\n<p style=\"font-weight: 400; text-align: center;\"><span style=\"font-size: large;\"><\/span><\/p>\n<p>[\/et_pb_text][\/et_pb_column][\/et_pb_row][\/et_pb_section]<\/p>\n","protected":false},"excerpt":{"rendered":"<p>Z\u00e1vod organizuje a medaile vyr\u00e1b\u00ed: Ji\u0159\u00ed Borovi\u010dka st. \u00a0jborovicka@seznam.cz\u00a0 \u00a0 Ji\u0159\u00ed Borovi\u010dka ml. Va\u0161e \u010dasy v\u00e1m sleduje: Jindra Pato\u010dk a Tereza Sub\u010d\u00edkov\u00e1 A pom\u00e1h\u00e1 spousta kamar\u00e1d\u016f!!! https:\/\/www.facebook.com\/samopsezeleznydedek https:\/\/www.instagram.com\/samopessky_zelezny_dedek1991\/<\/p>\n","protected":false},"author":1,"featured_media":0,"parent":0,"menu_order":0,"comment_status":"closed","ping_status":"closed","template":"","meta":{"_et_pb_use_builder":"on","_et_pb_old_content":"","_et_gb_content_width":"","footnotes":""},"class_list":["post-1486","page","type-page","status-publish","hentry"],"_links":{"self":[{"href":"https:\/\/www.zeleznydedek.cz\/index.php?rest_route=\/wp\/v2\/pages\/1486","targetHints":{"allow":["GET"]}}],"collection":[{"href":"https:\/\/www.zeleznydedek.cz\/index.php?rest_route=\/wp\/v2\/pages"}],"about":[{"href":"https:\/\/www.zeleznydedek.cz\/index.php?rest_route=\/wp\/v2\/types\/page"}],"author":[{"embeddable":true,"href":"https:\/\/www.zeleznydedek.cz\/index.php?rest_route=\/wp\/v2\/users\/1"}],"replies":[{"embeddable":true,"href":"https:\/\/www.zeleznydedek.cz\/index.php?rest_route=%2Fwp%2Fv2%2Fcomments&post=1486"}],"version-history":[{"count":3,"href":"https:\/\/www.zeleznydedek.cz\/index.php?rest_route=\/wp\/v2\/pages\/1486\/revisions"}],"predecessor-version":[{"id":1612,"href":"https:\/\/www.zeleznydedek.cz\/index.php?rest_route=\/wp\/v2\/pages\/1486\/revisions\/1612"}],"wp:attachment":[{"href":"https:\/\/www.zeleznydedek.cz\/index.php?rest_route=%2Fwp%2Fv2%2Fmedia&parent=1486"}],"curies":[{"name":"wp","href":"https:\/\/api.w.org\/{rel}","templated":true}]}}