{"id":1603,"date":"2026-01-26T07:51:31","date_gmt":"2026-01-26T07:51:31","guid":{"rendered":"https:\/\/www.zeleznydedek.cz\/?page_id=1603"},"modified":"2026-01-26T08:02:43","modified_gmt":"2026-01-26T08:02:43","slug":"prihlasky-2","status":"publish","type":"page","link":"https:\/\/www.zeleznydedek.cz\/?page_id=1603","title":{"rendered":"P\u0159ihl\u00e1\u0161ky"},"content":{"rendered":"<p>[et_pb_section fb_built=&#8220;1&#8243; _builder_version=&#8220;4.27.5&#8243; _module_preset=&#8220;default&#8220; custom_padding=&#8220;32px|||||&#8220; global_colors_info=&#8220;{}&#8220;][et_pb_row _builder_version=&#8220;4.27.5&#8243; _module_preset=&#8220;default&#8220; global_colors_info=&#8220;{}&#8220;][et_pb_column type=&#8220;4_4&#8243; _builder_version=&#8220;4.27.5&#8243; _module_preset=&#8220;default&#8220; global_colors_info=&#8220;{}&#8220;][et_pb_image src=&#8220;https:\/\/www.zeleznydedek.cz\/wp-content\/uploads\/2026\/01\/prihlasky.jpg&#8220; title_text=&#8220;Prihlasky&#8220; _builder_version=&#8220;4.27.5&#8243; _module_preset=&#8220;default&#8220; global_colors_info=&#8220;{}&#8220;][\/et_pb_image][\/et_pb_column][\/et_pb_row][et_pb_row column_structure=&#8220;3_5,2_5&#8243; _builder_version=&#8220;4.27.5&#8243; _module_preset=&#8220;default&#8220; global_colors_info=&#8220;{}&#8220;][et_pb_column type=&#8220;3_5&#8243; _builder_version=&#8220;4.27.5&#8243; _module_preset=&#8220;default&#8220; global_colors_info=&#8220;{}&#8220;][et_pb_text _builder_version=&#8220;4.27.5&#8243; _module_preset=&#8220;default&#8220; global_colors_info=&#8220;{}&#8220;]<\/p>\n<p style=\"font-weight: 400;\"><span style=\"font-size: large;\"><strong><u>P\u0159ihl\u00e1\u0161ky<\/u><\/strong><\/span><\/p>\n<p style=\"font-weight: 400;\"><span style=\"font-size: large;\">P\u0159ihl\u00e1sit se m\u016f\u017eete pomoc\u00ed <a href=\"https:\/\/forms.gle\/cHUduQgfm63W4P3z7\" target=\"_blank\" rel=\"noopener\">formul\u00e1\u0159e<\/a> na Google forms, nebo v den z\u00e1vodu na m\u00edst\u011b. <strong>Po\u010det \u00fa\u010dastn\u00edk\u016f je ale omezen na 60, tak\u017ee velmi doporu\u010dujeme p\u0159ihl\u00e1\u0161ku neodkl\u00e1dat<\/strong> a p\u0159ihl\u00e1sit se p\u0159es <a href=\"https:\/\/forms.gle\/cHUduQgfm63W4P3z7\" target=\"_blank\" rel=\"noopener\">formul\u00e1\u0159<\/a>.<\/span><span style=\"font-size: large;\"><\/span><\/p>\n<p style=\"font-weight: 400;\"><span style=\"font-size: large;\"><strong><u>Startovn\u00e9<\/u><\/strong><\/span><\/p>\n<p style=\"font-weight: 400;\"><span style=\"font-size: large;\">Za \u00fa\u010dast se plat\u00ed startovn\u00e9 odstup\u0148ovan\u00e9 dle data p\u0159ihl\u00e1\u0161en\u00ed:<\/span><\/p>\n<ul>\n<li style=\"font-weight: 400;\"><span style=\"font-size: large;\">do 31.3.2026: <strong>300,- K\u010d<\/strong><\/span><\/li>\n<li style=\"font-weight: 400;\"><span style=\"font-size: large;\">do 31.5.2026: <strong>400,- k\u010d<\/strong><\/span><\/li>\n<li style=\"font-weight: 400;\"><span style=\"font-size: large;\">od 1.6.2026: \u00a0 <strong>500,- K\u010d<\/strong><\/span><\/li>\n<li style=\"font-weight: 400;\"><span style=\"font-size: large;\">v den z\u00e1vodu pouze hotov\u011b: <strong>500,- K\u010d<\/strong><\/span><\/li>\n<\/ul>\n<p style=\"font-weight: 400;\"><span style=\"font-size: large;\">Starovn\u00e9 je p\u0159ihl\u00e1\u0161en\u00fd \u00fa\u010dastn\u00edk povinen zaplatit na <strong>\u00fa\u010det 2689349083\/0800 do 4 pracovn\u00edch dn\u016f od pod\u00e1n\u00ed p\u0159ihl\u00e1\u0161ky.<\/strong> <\/span><\/p>\n<p style=\"font-weight: 400;\"><span style=\"font-size: large;\">Do pozn\u00e1mky k platb\u011b napi\u0161te sv\u00e9 jm\u00e9no a p\u0159\u00edjmen\u00ed. <\/span><\/p>\n<p style=\"font-weight: 400;\"><span style=\"font-size: large;\"><strong>Pokud platba nedoraz\u00ed do 5 pracovn\u00edch dn\u016f, bude registrace smaz\u00e1na.<\/strong>\u00a0<\/span><\/p>\n<p style=\"font-weight: 400;\"><span style=\"font-size: large;\"><\/span><\/p>\n<p><span style=\"font-weight: 400; font-size: large;\"><\/span><\/p>\n<p>[\/et_pb_text][\/et_pb_column][et_pb_column type=&#8220;2_5&#8243; _builder_version=&#8220;4.27.5&#8243; _module_preset=&#8220;default&#8220; global_colors_info=&#8220;{}&#8220;][et_pb_button button_url=&#8220;https:\/\/forms.gle\/cHUduQgfm63W4P3z7&#8243; url_new_window=&#8220;on&#8220; button_text=&#8220;P\u0159ihl\u00e1\u0161ka&#8220; button_alignment=&#8220;center&#8220; _builder_version=&#8220;4.27.5&#8243; _module_preset=&#8220;default&#8220; global_colors_info=&#8220;{}&#8220;][\/et_pb_button][et_pb_button button_text=&#8220;P\u0159edb\u011b\u017en\u00e1 starobn\u00ed listina&#8220; _builder_version=&#8220;4.27.5&#8243; _module_preset=&#8220;default&#8220; button_url=&#8220;https:\/\/docs.google.com\/spreadsheets\/d\/e\/2PACX-1vRTaxYSZopayTOjVvOsN4tMDDp7WmQvD6Jzl0aknw4_E48tlS9-NCAt5TmhxiPQfCMQGXawsjSpwdNe\/pubhtml&#8220; url_new_window=&#8220;on&#8220; disabled_on=&#8220;on|on|on&#8220; disabled=&#8220;on&#8220; hover_enabled=&#8220;0&#8243; sticky_enabled=&#8220;0&#8243; button_alignment=&#8220;center&#8220;][\/et_pb_button][\/et_pb_column][\/et_pb_row][\/et_pb_section]<\/p>\n","protected":false},"excerpt":{"rendered":"<p>P\u0159ihl\u00e1\u0161ky P\u0159ihl\u00e1sit se m\u016f\u017eete pomoc\u00ed formul\u00e1\u0159e na Google forms, nebo v den z\u00e1vodu na m\u00edst\u011b. Po\u010det \u00fa\u010dastn\u00edk\u016f je ale omezen na 60, tak\u017ee velmi doporu\u010dujeme p\u0159ihl\u00e1\u0161ku neodkl\u00e1dat a p\u0159ihl\u00e1sit se p\u0159es formul\u00e1\u0159. Startovn\u00e9 Za \u00fa\u010dast se plat\u00ed startovn\u00e9 odstup\u0148ovan\u00e9 dle data p\u0159ihl\u00e1\u0161en\u00ed: do 31.3.2026: 300,- K\u010d do 31.5.2026: 400,- k\u010d od 1.6.2026: \u00a0 500,- K\u010d [&hellip;]<\/p>\n","protected":false},"author":1,"featured_media":0,"parent":0,"menu_order":0,"comment_status":"closed","ping_status":"closed","template":"","meta":{"_et_pb_use_builder":"on","_et_pb_old_content":"","_et_gb_content_width":"","footnotes":""},"class_list":["post-1603","page","type-page","status-publish","hentry"],"_links":{"self":[{"href":"https:\/\/www.zeleznydedek.cz\/index.php?rest_route=\/wp\/v2\/pages\/1603","targetHints":{"allow":["GET"]}}],"collection":[{"href":"https:\/\/www.zeleznydedek.cz\/index.php?rest_route=\/wp\/v2\/pages"}],"about":[{"href":"https:\/\/www.zeleznydedek.cz\/index.php?rest_route=\/wp\/v2\/types\/page"}],"author":[{"embeddable":true,"href":"https:\/\/www.zeleznydedek.cz\/index.php?rest_route=\/wp\/v2\/users\/1"}],"replies":[{"embeddable":true,"href":"https:\/\/www.zeleznydedek.cz\/index.php?rest_route=%2Fwp%2Fv2%2Fcomments&post=1603"}],"version-history":[{"count":4,"href":"https:\/\/www.zeleznydedek.cz\/index.php?rest_route=\/wp\/v2\/pages\/1603\/revisions"}],"predecessor-version":[{"id":1613,"href":"https:\/\/www.zeleznydedek.cz\/index.php?rest_route=\/wp\/v2\/pages\/1603\/revisions\/1613"}],"wp:attachment":[{"href":"https:\/\/www.zeleznydedek.cz\/index.php?rest_route=%2Fwp%2Fv2%2Fmedia&parent=1603"}],"curies":[{"name":"wp","href":"https:\/\/api.w.org\/{rel}","templated":true}]}}