{"id":367,"date":"2026-01-17T17:09:00","date_gmt":"2026-01-17T17:09:00","guid":{"rendered":"https:\/\/www.zeleznydedek.cz\/?page_id=367"},"modified":"2026-02-02T13:58:53","modified_gmt":"2026-02-02T13:58:53","slug":"uvodni-3","status":"publish","type":"page","link":"https:\/\/www.zeleznydedek.cz\/","title":{"rendered":"uvodni"},"content":{"rendered":"<p>[et_pb_section fb_built=&#8220;1&#8243; fullwidth=&#8220;on&#8220; disabled_on=&#8220;on|off|off&#8220; _builder_version=&#8220;4.27.5&#8243; _module_preset=&#8220;default&#8220; global_colors_info=&#8220;{}&#8220;][et_pb_fullwidth_slider _builder_version=&#8220;4.27.5&#8243; _module_preset=&#8220;default&#8220; min_height=&#8220;939.6px&#8220; global_colors_info=&#8220;{}&#8220;][et_pb_slide _builder_version=&#8220;4.27.5&#8243; _module_preset=&#8220;default&#8220; background_image=&#8220;https:\/\/www.zeleznydedek.cz\/wp-content\/uploads\/2026\/01\/uvodni-scaled.jpg&#8220; background_enable_image=&#8220;on&#8220; global_colors_info=&#8220;{}&#8220; sticky_transition=&#8220;on&#8220;][\/et_pb_slide][\/et_pb_fullwidth_slider][\/et_pb_section][et_pb_section fb_built=&#8220;1&#8243; disabled_on=&#8220;off|on|on&#8220; _builder_version=&#8220;4.27.5&#8243; _module_preset=&#8220;default&#8220; custom_padding=&#8220;||1px|||&#8220; global_colors_info=&#8220;{}&#8220;][et_pb_row _builder_version=&#8220;4.27.5&#8243; _module_preset=&#8220;default&#8220; global_colors_info=&#8220;{}&#8220;][et_pb_column type=&#8220;4_4&#8243; _builder_version=&#8220;4.27.5&#8243; _module_preset=&#8220;default&#8220; global_colors_info=&#8220;{}&#8220;][et_pb_image src=&#8220;https:\/\/www.zeleznydedek.cz\/wp-content\/uploads\/2026\/01\/uvodni-scaled.jpg&#8220; title_text=&#8220;Uvodni&#8220; _builder_version=&#8220;4.27.5&#8243; _module_preset=&#8220;default&#8220; custom_margin=&#8220;-22px|||||&#8220; global_colors_info=&#8220;{}&#8220;][\/et_pb_image][\/et_pb_column][\/et_pb_row][\/et_pb_section][et_pb_section fb_built=&#8220;1&#8243; _builder_version=&#8220;4.27.5&#8243; _module_preset=&#8220;default&#8220; custom_padding=&#8220;13px|||||&#8220; global_colors_info=&#8220;{}&#8220;][et_pb_row column_structure=&#8220;2_3,1_3&#8243; _builder_version=&#8220;4.27.5&#8243; _module_preset=&#8220;default&#8220; custom_padding=&#8220;23px|||||&#8220; global_colors_info=&#8220;{}&#8220;][et_pb_column type=&#8220;2_3&#8243; _builder_version=&#8220;4.27.5&#8243; _module_preset=&#8220;default&#8220; global_colors_info=&#8220;{}&#8220;][et_pb_text _builder_version=&#8220;4.27.5&#8243; _module_preset=&#8220;default&#8220; global_colors_info=&#8220;{}&#8220;]<\/p>\n<h1 style=\"font-weight: 400; text-align: center;\"><strong><\/strong><\/h1>\n<h1 style=\"font-weight: 400; text-align: center;\"><strong><\/strong><\/h1>\n<h1 style=\"font-weight: 400; text-align: center;\"><strong><\/strong><\/h1>\n<h1 style=\"font-weight: 400; text-align: center;\"><span style=\"font-size: xx-large; color: #e02b20;\"><strong>SAMOPE\u0160SK\u00dd \u017dELEZN\u00dd D\u011aDEK<\/strong><\/span><\/h1>\n<h2 style=\"text-align: center;\"><strong><em>Triatlonov\u00fd z\u00e1vod pro \u0161irokou ve\u0159ejnost<\/em><\/strong><\/h2>\n<h2 style=\"font-weight: 400; text-align: center;\"><em>Z\u00fa\u010dastnit se m\u016f\u017ee ka\u017ed\u00fd od 15 do 100 let.<\/em><\/h2>\n<p>[\/et_pb_text][et_pb_text _builder_version=&#8220;4.27.5&#8243; _module_preset=&#8220;default&#8220; global_colors_info=&#8220;{}&#8220;]<\/p>\n<h1 style=\"text-align: center;\"><b><span>35. ro\u010dn\u00edk se pojede v sobotu 20. \u010dervna 2026<\/span><\/b><\/h1>\n<p>[\/et_pb_text][et_pb_countdown_timer title=&#8220;Do za\u010d\u00e1tku z\u00e1vodu zb\u00fdv\u00e1&#8220; date_time=&#8220;2026-06-20 10:00&#8243; _builder_version=&#8220;4.27.5&#8243; _module_preset=&#8220;default&#8220; background_color=&#8220;#E02B20&#8243; hover_enabled=&#8220;0&#8243; border_radii=&#8220;on|31px|31px|31px|31px&#8220; box_shadow_style=&#8220;preset2&#8243; global_colors_info=&#8220;{}&#8220; sticky_enabled=&#8220;0&#8243;][\/et_pb_countdown_timer][\/et_pb_column][et_pb_column type=&#8220;1_3&#8243; _builder_version=&#8220;4.27.5&#8243; _module_preset=&#8220;default&#8220; global_colors_info=&#8220;{}&#8220;][et_pb_image src=&#8220;https:\/\/www.zeleznydedek.cz\/wp-content\/uploads\/2026\/01\/obrazek-2024-scaled.jpg&#8220; title_text=&#8220;Obrazek 2024&#8243; _builder_version=&#8220;4.27.5&#8243; _module_preset=&#8220;default&#8220; global_colors_info=&#8220;{}&#8220;][\/et_pb_image][\/et_pb_column][\/et_pb_row][\/et_pb_section]<\/p>\n","protected":false},"excerpt":{"rendered":"<p>SAMOPE\u0160SK\u00dd \u017dELEZN\u00dd D\u011aDEK Triatlonov\u00fd z\u00e1vod pro \u0161irokou ve\u0159ejnost Z\u00fa\u010dastnit se m\u016f\u017ee ka\u017ed\u00fd od 15 do 100 let.35. ro\u010dn\u00edk se pojede v sobotu 20. \u010dervna 2026<\/p>\n","protected":false},"author":1,"featured_media":0,"parent":0,"menu_order":0,"comment_status":"closed","ping_status":"closed","template":"","meta":{"_et_pb_use_builder":"on","_et_pb_old_content":"","_et_gb_content_width":"","footnotes":""},"class_list":["post-367","page","type-page","status-publish","hentry"],"_links":{"self":[{"href":"https:\/\/www.zeleznydedek.cz\/index.php?rest_route=\/wp\/v2\/pages\/367","targetHints":{"allow":["GET"]}}],"collection":[{"href":"https:\/\/www.zeleznydedek.cz\/index.php?rest_route=\/wp\/v2\/pages"}],"about":[{"href":"https:\/\/www.zeleznydedek.cz\/index.php?rest_route=\/wp\/v2\/types\/page"}],"author":[{"embeddable":true,"href":"https:\/\/www.zeleznydedek.cz\/index.php?rest_route=\/wp\/v2\/users\/1"}],"replies":[{"embeddable":true,"href":"https:\/\/www.zeleznydedek.cz\/index.php?rest_route=%2Fwp%2Fv2%2Fcomments&post=367"}],"version-history":[{"count":8,"href":"https:\/\/www.zeleznydedek.cz\/index.php?rest_route=\/wp\/v2\/pages\/367\/revisions"}],"predecessor-version":[{"id":1617,"href":"https:\/\/www.zeleznydedek.cz\/index.php?rest_route=\/wp\/v2\/pages\/367\/revisions\/1617"}],"wp:attachment":[{"href":"https:\/\/www.zeleznydedek.cz\/index.php?rest_route=%2Fwp%2Fv2%2Fmedia&parent=367"}],"curies":[{"name":"wp","href":"https:\/\/api.w.org\/{rel}","templated":true}]}}