{"id":380,"date":"2026-01-18T08:31:29","date_gmt":"2026-01-18T08:31:29","guid":{"rendered":"https:\/\/www.zeleznydedek.cz\/?page_id=380"},"modified":"2026-01-18T08:49:10","modified_gmt":"2026-01-18T08:49:10","slug":"propozice-2","status":"publish","type":"page","link":"https:\/\/www.zeleznydedek.cz\/?page_id=380","title":{"rendered":"Propozice"},"content":{"rendered":"<p>[et_pb_section fb_built=&#8220;1&#8243; _builder_version=&#8220;4.27.5&#8243; _module_preset=&#8220;default&#8220; custom_padding=&#8220;32px|||||&#8220; global_colors_info=&#8220;{}&#8220;][et_pb_row _builder_version=&#8220;4.27.5&#8243; _module_preset=&#8220;default&#8220; global_colors_info=&#8220;{}&#8220;][et_pb_column type=&#8220;4_4&#8243; _builder_version=&#8220;4.27.5&#8243; _module_preset=&#8220;default&#8220; global_colors_info=&#8220;{}&#8220;][et_pb_image src=&#8220;https:\/\/www.zeleznydedek.cz\/wp-content\/uploads\/2026\/01\/propozice.jpg&#8220; title_text=&#8220;Propozice&#8220; _builder_version=&#8220;4.27.5&#8243; _module_preset=&#8220;default&#8220; global_colors_info=&#8220;{}&#8220;][\/et_pb_image][et_pb_text _builder_version=&#8220;4.27.5&#8243; _module_preset=&#8220;default&#8220; global_colors_info=&#8220;{}&#8220;]<\/p>\n<p><span style=\"font-size: large;\"><strong><u>Parkov\u00e1n\u00ed:<\/u><\/strong> je mo\u017en\u00e9 parkovat v are\u00e1lu osady, ale kapacita je omezena na cca 10 aut. Zaparkujte tedy na p\u0159\u00edjezdov\u00e9 cest\u011b, a do are\u00e1lu p\u0159ije\u010fte na kole s v\u011bcmi, kter\u00e9 pot\u0159ebujete k z\u00e1vodu.<\/span><\/p>\n<p>[\/et_pb_text][et_pb_image src=&#8220;https:\/\/www.zeleznydedek.cz\/wp-content\/uploads\/2026\/01\/mapa-1.jpg&#8220; title_text=&#8220;Mapa 1&#8243; url=&#8220;https:\/\/mapy.com\/cs\/turisticka?source=firm&#038;id=452401&#038;x=14.9192668&#038;y=49.8595942&#038;z=17&#8243; url_new_window=&#8220;on&#8220; _builder_version=&#8220;4.27.5&#8243; _module_preset=&#8220;default&#8220; custom_margin=&#8220;||8px|||&#8220; global_colors_info=&#8220;{}&#8220;][\/et_pb_image][et_pb_text _builder_version=&#8220;4.27.5&#8243; _module_preset=&#8220;default&#8220; global_colors_info=&#8220;{}&#8220;]<\/p>\n<p style=\"font-weight: 400;\"><span style=\"font-size: large;\"><strong><u>Registrace:<\/u><\/strong> 8 \u2013 9,30 hodin, hlaste se u po\u0159adatel\u016f u hlavn\u00ed br\u00e1ny, kde podep\u00ed\u0161ete, \u017ee se \u00fa\u010dastn\u00edte z\u00e1vodu na vlastn\u00ed nebezpe\u010d\u00ed, obdr\u017e\u00edte startovn\u00ed \u010d\u00edslo, kter\u00e9 v\u00e1m fixou nap\u00ed\u0161eme na lev\u00e9 p\u0159edlokt\u00ed a na levou nohu.<\/span><\/p>\n<p style=\"font-weight: 400;\"><span style=\"font-size: large;\"><strong>Zah\u00e1jen\u00ed z\u00e1vodu bude v\u00a010 hodin n\u00e1stupem v\u00a0are\u00e1lu.<\/strong><\/span><\/p>\n<p style=\"font-weight: 400;\"><span style=\"font-size: large;\"><strong><u>Plaveck\u00e1 \u010d\u00e1st \u2013 500 m<\/u><\/strong>: <\/span><br \/><span style=\"font-size: large;\">v\u0161ichni z\u00e1vodn\u00edci se spole\u010dn\u011b p\u0159esunou na start 500 m proti proudu \u0159eky S\u00e1zavy, kde se odstartuje z\u00e1vod a z\u00a0vody se vyl\u00e9z\u00e1 po \u017eeb\u0159\u00edku u are\u00e1lu z\u00e1vodu.<\/span><\/p>\n<p>[\/et_pb_text][et_pb_text _builder_version=&#8220;4.27.5&#8243; _module_preset=&#8220;default&#8220; global_colors_info=&#8220;{}&#8220;]<\/p>\n<p><span style=\"font-size: large;\"><strong><u>Cyklistick\u00e1 \u010d\u00e1st \u2013 28 km<\/u><\/strong>: <\/span><br \/><span style=\"font-size: large;\">trasa na kole se jede po asfaltov\u00e9m povrchu a je vyzna\u010dena oran\u017eov\u00fdmi \u0161ipkami viz. obr\u00e1zek \u201ekolo\u201c. Trasa vede po asfaltov\u00fdch cest\u00e1ch v\u00a0pln\u00e9m silni\u010dn\u00edm provozu, proto je nutn\u00e9 m\u00edt cyklistickou helmu a dodr\u017eovat pravidla silni\u010dn\u00edho provozu (pokud se z\u00e1vodu \u00fa\u010dastn\u00ed d\u011bti, doporu\u010duji doprovod dosp\u011bl\u00e9 osoby). Na k\u0159i\u017eovatk\u00e1ch viz obr\u00e1zek \u201ekontroly\u201c budou rozm\u00edst\u011bn\u00e9 hl\u00eddky, kter\u00e9 ukazuj\u00ed sm\u011br a pom\u00e1haj\u00ed p\u0159i pr\u016fjezdu k\u0159i\u017eovatkou.<\/span><\/p>\n<p>[\/et_pb_text][et_pb_image src=&#8220;https:\/\/www.zeleznydedek.cz\/wp-content\/uploads\/2026\/01\/kolo.jpg&#8220; title_text=&#8220;Kolo&#8220; url=&#8220;https:\/\/mapy.cz\/s\/revupazufa&#8220; url_new_window=&#8220;on&#8220; _builder_version=&#8220;4.27.5&#8243; _module_preset=&#8220;default&#8220; custom_margin=&#8220;||8px|||&#8220; global_colors_info=&#8220;{}&#8220;][\/et_pb_image][et_pb_text _builder_version=&#8220;4.27.5&#8243; _module_preset=&#8220;default&#8220; custom_margin=&#8220;-3px|||||&#8220; global_colors_info=&#8220;{}&#8220;]<\/p>\n<p>Kliknut\u00edm na mapu se dostanete na str\u00e1nky mapy.com<\/p>\n<p>[\/et_pb_text][et_pb_text _builder_version=&#8220;4.27.5&#8243; _module_preset=&#8220;default&#8220; global_colors_info=&#8220;{}&#8220;]<\/p>\n<div><span style=\"font-size: large;\"><b><u>B\u011b\u017eeck\u00e1 \u010d\u00e1st 3 km:<\/u><\/b>\u00a0<br \/>b\u011b\u017e\u00ed se po trase, kter\u00e1 je ozna\u010dena zelen\u00fdmi \u0161ipkami viz. obr\u00e1zek \u201eb\u011bh\u201c. Trasa vede ze dvou t\u0159etin po asfaltu a dob\u00edh\u00e1 se pod\u00e9l \u0159eky po nezpevn\u011bn\u00e9 cest\u011b (stejn\u00e1 cesta, jako p\u016fjdeme na plaveckou \u010d\u00e1st). Do c\u00edle mus\u00edte op\u011bt prob\u011bhnout velk\u00fdmi vraty v\u00a0are\u00e1lu, kde op\u011bt hl\u00e1s\u00edte sv\u00e9 startovn\u00ed \u010d\u00edslo po\u0159adatel\u016fm.<\/span><\/div>\n<div><\/div>\n<p>[\/et_pb_text][et_pb_image src=&#8220;https:\/\/www.zeleznydedek.cz\/wp-content\/uploads\/2026\/01\/beh.jpg&#8220; title_text=&#8220;Beh&#8220; url=&#8220;https:\/\/mapy.com\/s\/kojakejubu&#8220; url_new_window=&#8220;on&#8220; _builder_version=&#8220;4.27.5&#8243; _module_preset=&#8220;default&#8220; custom_margin=&#8220;||8px|||&#8220; global_colors_info=&#8220;{}&#8220;][\/et_pb_image][et_pb_text _builder_version=&#8220;4.27.5&#8243; _module_preset=&#8220;default&#8220; custom_margin=&#8220;-3px|||||&#8220; global_colors_info=&#8220;{}&#8220;]<\/p>\n<p>Kliknut\u00edm na mapu se dostanete na str\u00e1nky mapy.com<\/p>\n<p>[\/et_pb_text][et_pb_text _builder_version=&#8220;4.27.5&#8243; _module_preset=&#8220;default&#8220; global_colors_info=&#8220;{}&#8220;]<\/p>\n<div>\n<p><span style=\"font-size: large;\"><b><u>Vyhl\u00e1\u0161en\u00ed v\u00fdsledk\u016f:<\/u><\/b><\/span><\/p>\n<div><span style=\"font-size: large;\">prob\u011bhne cca ve 13 hodin. V\u0161ichni \u00fa\u010dastn\u00edci dostanou tradi\u010dn\u00ed keramickou medaili s motivem \u201e\u017dELEZN\u00c9HO D\u011aDKA\u201c, diplom a v\u00fdsledkovou listinu s \u010dasy v jednotliv\u00fdch discipl\u00edn\u00e1ch. V\u00edt\u011bz dostane putovn\u00ed poh\u00e1r, kter\u00fd mus\u00ed p\u0159iv\u00e9zt na dal\u0161\u00ed ro\u010dn\u00edk z\u00e1vodu.<\/span><\/div>\n<div><\/div>\n<\/div>\n<div><\/div>\n<p>[\/et_pb_text][et_pb_image src=&#8220;https:\/\/www.zeleznydedek.cz\/wp-content\/uploads\/2026\/01\/vyhlaseni-scaled.jpg&#8220; title_text=&#8220;Vyhlaseni&#8220; show_in_lightbox=&#8220;on&#8220; _builder_version=&#8220;4.27.5&#8243; _module_preset=&#8220;default&#8220; global_colors_info=&#8220;{}&#8220;][\/et_pb_image][\/et_pb_column][\/et_pb_row][\/et_pb_section]<\/p>\n","protected":false},"excerpt":{"rendered":"<p>Parkov\u00e1n\u00ed: je mo\u017en\u00e9 parkovat v are\u00e1lu osady, ale kapacita je omezena na cca 10 aut. Zaparkujte tedy na p\u0159\u00edjezdov\u00e9 cest\u011b, a do are\u00e1lu p\u0159ije\u010fte na kole s v\u011bcmi, kter\u00e9 pot\u0159ebujete k z\u00e1vodu.Registrace: 8 \u2013 9,30 hodin, hlaste se u po\u0159adatel\u016f u hlavn\u00ed br\u00e1ny, kde podep\u00ed\u0161ete, \u017ee se \u00fa\u010dastn\u00edte z\u00e1vodu na vlastn\u00ed nebezpe\u010d\u00ed, obdr\u017e\u00edte startovn\u00ed \u010d\u00edslo, [&hellip;]<\/p>\n","protected":false},"author":1,"featured_media":0,"parent":0,"menu_order":0,"comment_status":"closed","ping_status":"closed","template":"","meta":{"_et_pb_use_builder":"on","_et_pb_old_content":"","_et_gb_content_width":"","footnotes":""},"class_list":["post-380","page","type-page","status-publish","hentry"],"_links":{"self":[{"href":"https:\/\/www.zeleznydedek.cz\/index.php?rest_route=\/wp\/v2\/pages\/380","targetHints":{"allow":["GET"]}}],"collection":[{"href":"https:\/\/www.zeleznydedek.cz\/index.php?rest_route=\/wp\/v2\/pages"}],"about":[{"href":"https:\/\/www.zeleznydedek.cz\/index.php?rest_route=\/wp\/v2\/types\/page"}],"author":[{"embeddable":true,"href":"https:\/\/www.zeleznydedek.cz\/index.php?rest_route=\/wp\/v2\/users\/1"}],"replies":[{"embeddable":true,"href":"https:\/\/www.zeleznydedek.cz\/index.php?rest_route=%2Fwp%2Fv2%2Fcomments&post=380"}],"version-history":[{"count":6,"href":"https:\/\/www.zeleznydedek.cz\/index.php?rest_route=\/wp\/v2\/pages\/380\/revisions"}],"predecessor-version":[{"id":395,"href":"https:\/\/www.zeleznydedek.cz\/index.php?rest_route=\/wp\/v2\/pages\/380\/revisions\/395"}],"wp:attachment":[{"href":"https:\/\/www.zeleznydedek.cz\/index.php?rest_route=%2Fwp%2Fv2%2Fmedia&parent=380"}],"curies":[{"name":"wp","href":"https:\/\/api.w.org\/{rel}","templated":true}]}}