{"id":406,"date":"2026-01-18T09:11:42","date_gmt":"2026-01-18T09:11:42","guid":{"rendered":"https:\/\/www.zeleznydedek.cz\/?page_id=406"},"modified":"2026-01-18T09:19:46","modified_gmt":"2026-01-18T09:19:46","slug":"historie-3","status":"publish","type":"page","link":"https:\/\/www.zeleznydedek.cz\/?page_id=406","title":{"rendered":"Historie"},"content":{"rendered":"<p>[et_pb_section fb_built=&#8220;1&#8243; _builder_version=&#8220;4.27.5&#8243; _module_preset=&#8220;default&#8220; custom_padding=&#8220;32px|||||&#8220; global_colors_info=&#8220;{}&#8220;][et_pb_row _builder_version=&#8220;4.27.5&#8243; _module_preset=&#8220;default&#8220; global_colors_info=&#8220;{}&#8220;][et_pb_column type=&#8220;4_4&#8243; _builder_version=&#8220;4.27.5&#8243; _module_preset=&#8220;default&#8220; global_colors_info=&#8220;{}&#8220;][et_pb_image src=&#8220;https:\/\/www.zeleznydedek.cz\/wp-content\/uploads\/2026\/01\/historie.jpg&#8220; title_text=&#8220;Historie&#8220; _builder_version=&#8220;4.27.5&#8243; _module_preset=&#8220;default&#8220; global_colors_info=&#8220;{}&#8220;][\/et_pb_image][\/et_pb_column][\/et_pb_row][et_pb_row column_structure=&#8220;3_5,2_5&#8243; _builder_version=&#8220;4.27.5&#8243; _module_preset=&#8220;default&#8220; global_colors_info=&#8220;{}&#8220;][et_pb_column type=&#8220;3_5&#8243; _builder_version=&#8220;4.27.5&#8243; _module_preset=&#8220;default&#8220; global_colors_info=&#8220;{}&#8220;][et_pb_text _builder_version=&#8220;4.27.5&#8243; _module_preset=&#8220;default&#8220; global_colors_info=&#8220;{}&#8220;]<\/p>\n<p style=\"font-weight: 400;\"><span style=\"font-size: large;\"><strong><u>Historie z\u00e1vodu<\/u><\/strong><\/span><\/p>\n<p style=\"font-weight: 400;\"><span style=\"font-size: large;\">Z\u00e1vod \u017delezn\u00fd d\u011bdek byl zalo\u017een v\u00a0roce 1991 v\u00a0Osad\u011b na \u0159ece S\u00e1zav\u011b v\u00a0are\u00e1lu Miroslava Schifflera. Zalo\u017eila ho parta chlap\u016f a jak u\u017e to b\u00fdv\u00e1, nejlep\u0161\u00ed n\u00e1pady se rod\u00ed v\u00a0hospod\u011b u piva. Tak vznikl i tento z\u00e1vod, kter\u00fd nep\u0159eru\u0161il ani z\u00e1ke\u0159n\u00fd Covid. Z\u00e1vod po\u0159\u00e1dal 20 let Marek Z\u00e1lab\u00e1k. <\/span><\/p>\n<p style=\"font-weight: 400;\"><span style=\"font-size: large;\">Postupn\u011b se na tento z\u00e1vod hl\u00e1silo v\u00edce a v\u00edce lid\u00ed a jako pam\u011btn\u00edk si pamatuji na \u00fa\u010dast kolem 70 z\u00e1vodn\u00edk\u016f. Jak st\u00e1rne tento z\u00e1vod, m\u011bn\u00ed se i z\u00e1vodn\u00edci. N\u011bkte\u0159\u00ed z\u00e1vodn\u00edci tady p\u00ed\u0161ou sv\u00e9 p\u0159\u00edb\u011bhy, kdy se z \u00fapln\u00e9ho outsidera stane profi z\u00e1vodn\u00edk.<\/span><\/p>\n<p style=\"font-weight: 400;\"><span style=\"font-size: large;\">Odm\u011bnou v tomto z\u00e1vod\u011b jsou pro ka\u017ed\u00e9ho z\u00e1vodn\u00edka ru\u010dn\u011b d\u011blan\u00e9 keramick\u00e9 medaile, kter\u00e9 v\u00edce jak 20 let d\u011blal Milo\u0161 Kesl a nyn\u00ed je vyr\u00e1b\u00ed sou\u010dasn\u00fd po\u0159adatel. Trouf\u00e1m si jako po\u0159adatel \u0159\u00edct, \u017ee se st\u00e1le ve v\u00fdrob\u011b a glazu\u0159e zlep\u0161uji a kvalita medail\u00ed je zachov\u00e1na. Obr\u00e1zky na diplomy s motivem d\u011bdka kresl\u00ed kamar\u00e1d Vladim\u00edr Hobst. Medaile, jejich v\u00fdroba a obr\u00e1zky d\u011bdka <\/span><span style=\"font-size: large;\">z minul\u00fdch ro\u010dn\u00edk\u016f jsou k\u00a0vid\u011bni v\u00a0galerii \u201eMEDAILE\u201c.<\/span><\/p>\n<p><span style=\"font-weight: 400; font-size: large;\">Pokud chce\u0161 i ty si napsat vlastn\u00ed p\u0159\u00edb\u011bh a z\u00edskat origin\u00e1ln\u00ed keramickou medaili, p\u0159ihlas se na tento z\u00e1vod a nebude\u0161 litovat, mo\u017en\u00e1.<\/span><\/p>\n<p>Jirka Borovi\u010dka &#8211; po\u0159adatel<span style=\"font-weight: 400; font-size: large;\"><\/span><\/p>\n<p><span style=\"font-weight: 400; font-size: large;\"><\/span><\/p>\n<p>[\/et_pb_text][et_pb_image src=&#8220;https:\/\/www.zeleznydedek.cz\/wp-content\/uploads\/2026\/01\/Samopse-2018-scaled.jpg&#8220; title_text=&#8220;Samopse 2018&#8243; show_in_lightbox=&#8220;on&#8220; _builder_version=&#8220;4.27.5&#8243; _module_preset=&#8220;default&#8220; global_colors_info=&#8220;{}&#8220;][\/et_pb_image][\/et_pb_column][et_pb_column type=&#8220;2_5&#8243; _builder_version=&#8220;4.27.5&#8243; _module_preset=&#8220;default&#8220; global_colors_info=&#8220;{}&#8220;][et_pb_image src=&#8220;https:\/\/www.zeleznydedek.cz\/wp-content\/uploads\/2026\/01\/obrazek-2025-scaled.jpg&#8220; title_text=&#8220;Obrazek 2025&#8243; _builder_version=&#8220;4.27.5&#8243; _module_preset=&#8220;default&#8220; hover_enabled=&#8220;0&#8243; global_colors_info=&#8220;{}&#8220; sticky_enabled=&#8220;0&#8243;][\/et_pb_image][\/et_pb_column][\/et_pb_row][\/et_pb_section]<\/p>\n","protected":false},"excerpt":{"rendered":"<p>Historie z\u00e1vodu Z\u00e1vod \u017delezn\u00fd d\u011bdek byl zalo\u017een v\u00a0roce 1991 v\u00a0Osad\u011b na \u0159ece S\u00e1zav\u011b v\u00a0are\u00e1lu Miroslava Schifflera. Zalo\u017eila ho parta chlap\u016f a jak u\u017e to b\u00fdv\u00e1, nejlep\u0161\u00ed n\u00e1pady se rod\u00ed v\u00a0hospod\u011b u piva. Tak vznikl i tento z\u00e1vod, kter\u00fd nep\u0159eru\u0161il ani z\u00e1ke\u0159n\u00fd Covid. Z\u00e1vod po\u0159\u00e1dal 20 let Marek Z\u00e1lab\u00e1k. Postupn\u011b se na tento z\u00e1vod hl\u00e1silo v\u00edce [&hellip;]<\/p>\n","protected":false},"author":1,"featured_media":0,"parent":0,"menu_order":0,"comment_status":"closed","ping_status":"closed","template":"","meta":{"_et_pb_use_builder":"on","_et_pb_old_content":"","_et_gb_content_width":"","footnotes":""},"class_list":["post-406","page","type-page","status-publish","hentry"],"_links":{"self":[{"href":"https:\/\/www.zeleznydedek.cz\/index.php?rest_route=\/wp\/v2\/pages\/406","targetHints":{"allow":["GET"]}}],"collection":[{"href":"https:\/\/www.zeleznydedek.cz\/index.php?rest_route=\/wp\/v2\/pages"}],"about":[{"href":"https:\/\/www.zeleznydedek.cz\/index.php?rest_route=\/wp\/v2\/types\/page"}],"author":[{"embeddable":true,"href":"https:\/\/www.zeleznydedek.cz\/index.php?rest_route=\/wp\/v2\/users\/1"}],"replies":[{"embeddable":true,"href":"https:\/\/www.zeleznydedek.cz\/index.php?rest_route=%2Fwp%2Fv2%2Fcomments&post=406"}],"version-history":[{"count":4,"href":"https:\/\/www.zeleznydedek.cz\/index.php?rest_route=\/wp\/v2\/pages\/406\/revisions"}],"predecessor-version":[{"id":415,"href":"https:\/\/www.zeleznydedek.cz\/index.php?rest_route=\/wp\/v2\/pages\/406\/revisions\/415"}],"wp:attachment":[{"href":"https:\/\/www.zeleznydedek.cz\/index.php?rest_route=%2Fwp%2Fv2%2Fmedia&parent=406"}],"curies":[{"name":"wp","href":"https:\/\/api.w.org\/{rel}","templated":true}]}}